{"id":21,"date":"2026-03-18T11:33:52","date_gmt":"2026-03-18T10:33:52","guid":{"rendered":"https:\/\/wooden-hope.at\/?page_id=21"},"modified":"2026-03-18T11:55:20","modified_gmt":"2026-03-18T10:55:20","slug":"home","status":"publish","type":"page","link":"https:\/\/wooden-hope.at\/","title":{"rendered":"Maintenance"},"content":{"rendered":"\n<div class=\"wp-block-group alignfull is-layout-constrained wp-block-group-is-layout-constrained has-background\" style=\"min-height:1857px;background-image:url(&apos;https:\/\/wooden-hope.at\/wp-content\/uploads\/2026\/03\/comingsoon.jpg&apos;);background-size:cover;\">\n<div class=\"wp-block-group has-background is-vertical is-content-justification-center is-layout-flex wp-container-core-group-is-layout-c2d8f052 wp-block-group-is-layout-flex\" style=\"border-top-left-radius:10px;border-top-right-radius:10px;border-bottom-left-radius:10px;border-bottom-right-radius:10px;background-color:#ffffff99;margin-top:var(--wp--preset--spacing--60);margin-bottom:var(--wp--preset--spacing--60)\"><div class=\"wp-block-site-logo\"><a href=\"https:\/\/wooden-hope.at\/\" class=\"custom-logo-link\" rel=\"home\"><img loading=\"lazy\" decoding=\"async\" width=\"284\" height=\"284\" src=\"https:\/\/wooden-hope.at\/wp-content\/uploads\/2026\/03\/logo_vector_path_1.png\" class=\"custom-logo\" alt=\"Wooden Hope\" srcset=\"https:\/\/wooden-hope.at\/wp-content\/uploads\/2026\/03\/logo_vector_path_1.png 876w, https:\/\/wooden-hope.at\/wp-content\/uploads\/2026\/03\/logo_vector_path_1-300x300.png 300w, https:\/\/wooden-hope.at\/wp-content\/uploads\/2026\/03\/logo_vector_path_1-150x150.png 150w, https:\/\/wooden-hope.at\/wp-content\/uploads\/2026\/03\/logo_vector_path_1-768x768.png 768w\" sizes=\"auto, (max-width: 284px) 100vw, 284px\" \/><\/a><\/div>\n\n\n<h2 class=\"wp-block-heading\">Coming soon<\/h2>\n\n\n\n<h4 class=\"wp-block-heading\"><strong>Hallo! Sch\u00f6n, dass du den Weg hierher gefunden hast.<\/strong><\/h4>\n\n\n\n<p class=\"has-foreground-color has-text-color has-link-color wp-elements-6213cd50a4a83ddbe9dcb77e6a4853a5\"><strong>Hinter den Kulissen arbeiten wir gerade auf Hochtouren an unserer neuen Website. Wir stecken viel Energie und Herzblut in die Entwicklung, um dir bald ein gro\u00dfartiges Online-Erlebnis bieten zu k\u00f6nnen.<\/strong><\/p>\n\n\n\n<p class=\"has-foreground-color has-text-color has-link-color wp-elements-8d469600a2e9f50ba71aab1d51c851f9\"><strong>Es dauert nicht mehr lange, bis wir unsere digitalen T\u00fcren f\u00fcr dich \u00f6ffnen. Freu dich auf spannende Inhalte, ein frisches Design und neue Funktionen!<\/strong><\/p>\n\n\n\n<p class=\"has-foreground-color has-text-color has-link-color wp-elements-3da3e605388a8b71d67c383768f619a6\"><strong>Bis bald \u2013 wir freuen uns, wenn du in K\u00fcrze wieder vorbeischaust!<\/strong><\/p>\n<\/div>\n<\/div>\n","protected":false},"excerpt":{"rendered":"<p>Coming soon Hallo! Sch\u00f6n, dass du den Weg hierher gefunden hast. Hinter den Kulissen arbeiten [&hellip;]<\/p>\n","protected":false},"author":1,"featured_media":0,"parent":0,"menu_order":0,"comment_status":"closed","ping_status":"closed","template":"maintenance","meta":{"footnotes":""},"class_list":["post-21","page","type-page","status-publish","hentry"],"_links":{"self":[{"href":"https:\/\/wooden-hope.at\/index.php?rest_route=\/wp\/v2\/pages\/21","targetHints":{"allow":["GET"]}}],"collection":[{"href":"https:\/\/wooden-hope.at\/index.php?rest_route=\/wp\/v2\/pages"}],"about":[{"href":"https:\/\/wooden-hope.at\/index.php?rest_route=\/wp\/v2\/types\/page"}],"author":[{"embeddable":true,"href":"https:\/\/wooden-hope.at\/index.php?rest_route=\/wp\/v2\/users\/1"}],"replies":[{"embeddable":true,"href":"https:\/\/wooden-hope.at\/index.php?rest_route=%2Fwp%2Fv2%2Fcomments&post=21"}],"version-history":[{"count":4,"href":"https:\/\/wooden-hope.at\/index.php?rest_route=\/wp\/v2\/pages\/21\/revisions"}],"predecessor-version":[{"id":30,"href":"https:\/\/wooden-hope.at\/index.php?rest_route=\/wp\/v2\/pages\/21\/revisions\/30"}],"wp:attachment":[{"href":"https:\/\/wooden-hope.at\/index.php?rest_route=%2Fwp%2Fv2%2Fmedia&parent=21"}],"curies":[{"name":"wp","href":"https:\/\/api.w.org\/{rel}","templated":true}]}}